{"id":640,"date":"2022-07-12T18:24:04","date_gmt":"2022-07-12T18:24:04","guid":{"rendered":"https:\/\/psicologoscatamarca.com.ar\/psicoweb\/?page_id=640"},"modified":"2022-12-22T16:07:47","modified_gmt":"2022-12-22T16:07:47","slug":"cuota-societaria","status":"publish","type":"page","link":"https:\/\/psicologoscatamarca.com.ar\/psicoweb\/cuota-societaria\/","title":{"rendered":"Cuota Societaria"},"content":{"rendered":"\n<p>Nuestra Ley de Colegiatura 4024\/83 establece que cada Psic\u00f3logo colegiado en nuestra instituci\u00f3n deber\u00e1 abonar una <strong>cuota mensual<\/strong> por tal pertenencia, <strong>ingreso que significar\u00e1 uno de los recursos econ\u00f3micos del CPPC<\/strong><em><strong>.<\/strong><\/em><\/p>\n\n\n\n<p>Su importe ser\u00e1 establecido cada a\u00f1o en Asamblea Ordinaria.<\/p>\n\n\n\n<blockquote class=\"wp-block-quote has-small-font-size is-layout-flow wp-block-quote-is-layout-flow\" style=\"font-style:normal;font-weight:500\">\n<p><\/p>\n\n\n\n<p>                                  Actualmente el importe de dicha cuota societaria equivale al valor de una sesi\u00f3n de psicoterapia individual de la OSEP.<\/p>\n<\/blockquote>\n\n\n\n<p>De la normativa vigente (Ley 4024\/83, Reglamento de Matr\u00edcula 2018 y C\u00f3digo de \u00c9tica 1995), se desprende la factibilidad de disponer la suspensi\u00f3n\/cancelaci\u00f3n de la matr\u00edcula v\u00eda sanci\u00f3n disciplinaria a los deudores de cuota social.<\/p>\n\n\n\n<h4 class=\"wp-block-heading\">BENEFICIO POR PAGO ANUAL<\/h4>\n\n\n\n<p>Pagando 12 cuotas, se aplicar\u00e1 un<strong> 15% de descuento.<\/strong><\/p>\n\n\n\n<p>Las doce cuotas se fijan al valor actual (sesi\u00f3n de psicoterapia de OSEP).<\/p>\n\n\n\n<p>Podr\u00e1n beneficiarse de esta posibilidad solamente aquellos socios que se encuentren al d\u00eda con la instituci\u00f3n.<\/p>\n\n\n\n<p>Se puede abonar personalmente en el Colegio o mediante dep\u00f3sito o transferencia bancaria.<\/p>\n\n\n\n<p>Para realizar el pago de un monto distinto al de la cuota societaria o el pago de cuota de plan de pago, matr\u00edcula u otros conceptos, comunicarse al Colegio para que se le informe dicho monto.<\/p>\n\n\n\n<h4 class=\"wp-block-heading\">Para transferencias<\/h4>\n\n\n\n<p>CTA. CTE. ESP. $ 9750199-4 143-9<\/p>\n\n\n\n<p>CBU: 0070143930009750199498<\/p>\n\n\n\n<p>CUIT: 30636161051<\/p>\n\n\n\n<p>A nombre de COLEGIO DE PSIC\u00d3LOGOS DE CATAMARCA<\/p>\n\n\n\n<p>Informar su transferencia a:<\/p>\n\n\n\n<p>colpsicat@yahoo.com.ar<\/p>\n\n\n\n<p>Con comprobante de la misma para poder generar el Respectivo RECIBO OFICIAL.<\/p>\n","protected":false},"excerpt":{"rendered":"<p>Nuestra Ley de Colegiatura 4024\/83 establece que cada Psic\u00f3logo colegiado en nuestra instituci\u00f3n deber\u00e1 abonar una cuota mensual por tal pertenencia, ingreso que significar\u00e1 uno de los recursos econ\u00f3micos del CPPC. Su importe ser\u00e1 establecido cada a\u00f1o en Asamblea Ordinaria. Actualmente el importe de dicha cuota societaria equivale al valor de una sesi\u00f3n de psicoterapia [&hellip;]<\/p>\n","protected":false},"author":2,"featured_media":0,"parent":0,"menu_order":0,"comment_status":"closed","ping_status":"closed","template":"","meta":{"cybocfi_hide_featured_image":"","footnotes":""},"class_list":["post-640","page","type-page","status-publish","hentry"],"_links":{"self":[{"href":"https:\/\/psicologoscatamarca.com.ar\/psicoweb\/wp-json\/wp\/v2\/pages\/640","targetHints":{"allow":["GET"]}}],"collection":[{"href":"https:\/\/psicologoscatamarca.com.ar\/psicoweb\/wp-json\/wp\/v2\/pages"}],"about":[{"href":"https:\/\/psicologoscatamarca.com.ar\/psicoweb\/wp-json\/wp\/v2\/types\/page"}],"author":[{"embeddable":true,"href":"https:\/\/psicologoscatamarca.com.ar\/psicoweb\/wp-json\/wp\/v2\/users\/2"}],"replies":[{"embeddable":true,"href":"https:\/\/psicologoscatamarca.com.ar\/psicoweb\/wp-json\/wp\/v2\/comments?post=640"}],"version-history":[{"count":8,"href":"https:\/\/psicologoscatamarca.com.ar\/psicoweb\/wp-json\/wp\/v2\/pages\/640\/revisions"}],"predecessor-version":[{"id":1089,"href":"https:\/\/psicologoscatamarca.com.ar\/psicoweb\/wp-json\/wp\/v2\/pages\/640\/revisions\/1089"}],"wp:attachment":[{"href":"https:\/\/psicologoscatamarca.com.ar\/psicoweb\/wp-json\/wp\/v2\/media?parent=640"}],"curies":[{"name":"wp","href":"https:\/\/api.w.org\/{rel}","templated":true}]}}