{"id":554,"date":"2022-07-11T02:04:11","date_gmt":"2022-07-11T02:04:11","guid":{"rendered":"https:\/\/psicologoscatamarca.com.ar\/psicoweb\/?page_id=554"},"modified":"2026-01-30T21:18:06","modified_gmt":"2026-01-30T21:18:06","slug":"normativas","status":"publish","type":"page","link":"https:\/\/psicologoscatamarca.com.ar\/psicoweb\/normativas\/","title":{"rendered":"Normativas"},"content":{"rendered":"\r\n<div id=\"section-g744f6e\" class=\"wp-block-gutentor-e7 section-g744f6e gutentor-element gutentor-element-list\">\r\n<ul>\r\n<li>\r\n<p><a href=\"\/pdf\/CPC_LEY_4024_83.pdf\" target=\"_blank\" rel=\"noopener\">Ley 4024 Colegio de Psic\u00f3logos de Catamarca<\/a><\/p>\r\n<\/li>\r\n<li>\r\n<p><a href=\"\/pdf\/Ley_Nacional_Saludmental.pdf\" target=\"_blank\" rel=\"noopener\">Ley de Salud Mental<\/a><\/p>\r\n<\/li>\r\n<li>\r\n<p><a href=\"\/pdf\/LEY_DERECHOS_DEL_PACIENTE.pdf\" target=\"_blank\" rel=\"noopener\">Ley de derechos del paciente<\/a><\/p>\r\n<\/li>\r\n<li>\r\n<p><a href=\"\/pdf\/Ley_4848._R_gimen_de_Atenci_n_Integral_a_las_Personas_con_Discapacidad.pdf\" target=\"_blank\" rel=\"noopener\">Ley de Discapacidad<\/a><\/p>\r\n<\/li>\r\n<li>\r\n<p><a href=\"https:\/\/www.argentina.gob.ar\/normativa\/nacional\/ley-27130-245618\/texto\" target=\"_blank\" rel=\"noopener\">Ley de Prevenci\u00f3n del Suicidio<\/a><\/p>\r\n<\/li>\r\n<li>\r\n<p><a href=\"http:\/\/www.legisalud.gov.ar\/atlas\/salud_mental.html#3\" target=\"_blank\" rel=\"noopener\">Normativas nacionales e internacionales de Salud Mental<\/a><\/p>\r\n<\/li>\r\n<li>\r\n<p><a href=\"\/pdf\/Codigo_Civil_y_Comercial_de_la_Nacion.pdf\" target=\"_blank\" rel=\"noopener\">C\u00f3digo Civil y Comercial<\/a><\/p>\r\n<\/li>\r\n<li>\r\n<p><a href=\"\/pdf\/ANEXO-33-DE-LA_RESOLUCION_N\u00ba_1254_ACTIVIDADES_RESERVADAS_AL_TITULO_DE_PSICOLOGO_2018.pdf\" target=\"_blank\" rel=\"noopener\">Resoluci\u00f3n de Incumbencias (Ministerio de Educaci\u00f3n)<\/a><\/p>\r\n<\/li>\r\n<li>\r\n<p><a href=\"\/pdf\/Codigo_de_etica_FEPRA.pdf\" target=\"_blank\" rel=\"noopener\">C\u00f3digo de \u00c9tica (FEPRA)<\/a><\/p>\r\n<\/li>\r\n<li>\r\n<p><a href=\"https:\/\/www.argentina.gob.ar\/normativa\/nacional\/ley-26934-230505\/texto\" target=\"_blank\" rel=\"noopener\">Plan Integral para el abordaje de los consumos problem\u00e1ticos<\/a><\/p>\r\n<\/li>\r\n<li>\r\n<p><a href=\"https:\/\/psicologoscatamarca.com.ar\/psicoweb\/ley-26-061-ley-de-proteccion-integral\/\" target=\"_blank\" rel=\"noopener\">Ley 26.061 &#8211; Ley de Protecci\u00f3n Integral<\/a><\/p>\r\n<\/li>\r\n<li>\r\n<p><a href=\"https:\/\/psicologoscatamarca.com.ar\/psicoweb\/ley-micaela\/\" target=\"_blank\" rel=\"noopener\">Ley 27.499 &#8211; Ley Micaela<\/a><\/p>\r\n<\/li>\r\n<li>\r\n<p><a href=\"https:\/\/psicologoscatamarca.com.ar\/psicoweb\/ley-27709-ley-lucio\/\" target=\"_blank\" rel=\"noopener\">Ley 27709 \u2013 Ley Lucio<\/a><\/p>\r\n<\/li>\r\n<\/ul>\r\n<\/div>\r\n\r\n\r\n\r\n<h3 class=\"wp-block-heading\">Normativas internas vigentes<\/h3>\r\n\r\n\r\n\r\n<div id=\"section-gb98d3f\" class=\"wp-block-gutentor-e7 section-gb98d3f gutentor-element gutentor-element-list\">\r\n<ul class=\"grid-row gutentor-grid-item-wrap list-indicator-icon\">\r\n<li class=\"gutentor-list-item grid-lg-12 grid-md-12 grid-12\">\r\n<p class=\"gutentor-single-item-title\"><a href=\"\/pdf\/CPC_LEY_4024_83.pdf\" target=\"_blank\" rel=\"noopener\">Ley 4024 Colegio de Psic\u00f3logos de Catamarca<\/a><\/p>\r\n<\/li>\r\n<li class=\"gutentor-list-item grid-lg-12 grid-md-12 grid-12\">\r\n<p class=\"gutentor-single-item-title\"><a href=\"\/pdf\/REGLAMENTO-DE-AUDITORIA-INTERNA-2023.pdf\" target=\"_blank\" rel=\"noopener\">Reglamento de Auditor\u00eda Interna<\/a><\/p>\r\n<\/li>\r\n<li class=\"gutentor-list-item grid-lg-12 grid-md-12 grid-12\">\r\n<p class=\"gutentor-single-item-title\"><a href=\"\/pdf\/CPC_REGLAMENTO_DE_DIFUSI\u00d3N_2019.pdf\" target=\"_blank\" rel=\"noopener\">Reglamento de Auspicios<\/a><\/p>\r\n<\/li>\r\n<li class=\"gutentor-list-item grid-lg-12 grid-md-12 grid-12\">\r\n<p class=\"gutentor-single-item-title\"><a href=\"\/pdf\/CPC_REGLAMENTO_DE_MATRICULA_PROVINCIAL_2018.pdf\" target=\"_blank\" rel=\"noopener\">Reglamento de Matr\u00edculas<\/a><\/p>\r\n<\/li>\r\n<li class=\"gutentor-list-item grid-lg-12 grid-md-12 grid-12\">\r\n<p class=\"gutentor-single-item-title\"><a href=\"\/pdf\/CPC_REGLAMENTO_ELECTORAL_2008.pdf\" target=\"_blank\" rel=\"noopener\">Reglamento Electoral<\/a><\/p>\r\n<\/li>\r\n<li class=\"gutentor-list-item grid-lg-12 grid-md-12 grid-12\">\r\n<p class=\"gutentor-single-item-title\"><a href=\"\/pdf\/Codigo_de_Etica.pdf\" target=\"_blank\" rel=\"noopener\">C\u00f3digo de \u00c9tica<\/a><\/p>\r\n<\/li>\r\n<li class=\"gutentor-list-item grid-lg-12 grid-md-12 grid-12\">\r\n<p class=\"gutentor-single-item-title\"><a href=\"\/pdf\/REGLAMENTO-DE-COMISIONES-COMITES-Y-GRUPOS-DE-TRABAJO-2019.pdf\" target=\"_blank\" rel=\"noopener\">Reglamento de Comisiones, Comit\u00e9s y grupos de trabajo<\/a><\/p>\r\n<\/li>\r\n<li><a href=\"\/pdf\/08_Reglamentaci\u00f3n_de_Actuaci\u00f3n_del_Tribunal_de_\u00c9tica_y_Disciplina.pdf\" target=\"_blank\" rel=\"noopener\">Reglamentaci\u00f3n de Actuaci\u00f3n del Tribunal de \u00c9tica y Disciplina<\/a><\/li>\r\n<\/ul>\r\n<\/div>\r\n","protected":false},"excerpt":{"rendered":"<p>Normativas internas vigentes<\/p>\n","protected":false},"author":2,"featured_media":0,"parent":0,"menu_order":0,"comment_status":"closed","ping_status":"closed","template":"","meta":{"cybocfi_hide_featured_image":"","footnotes":""},"class_list":["post-554","page","type-page","status-publish","hentry"],"_links":{"self":[{"href":"https:\/\/psicologoscatamarca.com.ar\/psicoweb\/wp-json\/wp\/v2\/pages\/554","targetHints":{"allow":["GET"]}}],"collection":[{"href":"https:\/\/psicologoscatamarca.com.ar\/psicoweb\/wp-json\/wp\/v2\/pages"}],"about":[{"href":"https:\/\/psicologoscatamarca.com.ar\/psicoweb\/wp-json\/wp\/v2\/types\/page"}],"author":[{"embeddable":true,"href":"https:\/\/psicologoscatamarca.com.ar\/psicoweb\/wp-json\/wp\/v2\/users\/2"}],"replies":[{"embeddable":true,"href":"https:\/\/psicologoscatamarca.com.ar\/psicoweb\/wp-json\/wp\/v2\/comments?post=554"}],"version-history":[{"count":39,"href":"https:\/\/psicologoscatamarca.com.ar\/psicoweb\/wp-json\/wp\/v2\/pages\/554\/revisions"}],"predecessor-version":[{"id":2283,"href":"https:\/\/psicologoscatamarca.com.ar\/psicoweb\/wp-json\/wp\/v2\/pages\/554\/revisions\/2283"}],"wp:attachment":[{"href":"https:\/\/psicologoscatamarca.com.ar\/psicoweb\/wp-json\/wp\/v2\/media?parent=554"}],"curies":[{"name":"wp","href":"https:\/\/api.w.org\/{rel}","templated":true}]}}