{"id":496,"date":"2022-07-10T12:57:11","date_gmt":"2022-07-10T12:57:11","guid":{"rendered":"https:\/\/psicologoscatamarca.com.ar\/psicoweb\/?page_id=496"},"modified":"2026-04-13T17:29:55","modified_gmt":"2026-04-13T17:29:55","slug":"matriculacion","status":"publish","type":"page","link":"https:\/\/psicologoscatamarca.com.ar\/psicoweb\/matriculacion\/","title":{"rendered":"Matriculaci\u00f3n"},"content":{"rendered":"\r\n<p>La Ley Provincial N\u00ba 4024\/83, en su art\u00edculo 4\u00ba indica que para ejercer la psicolog\u00eda en toda la provincia de Catamarca (ya sea de manera independiente o en relaci\u00f3n de dependencia, en el \u00e1mbito p\u00fablico o privado), adem\u00e1s de t\u00edtulo habilitante, se requiere obligatoriamente encontrarse inscripto en la matr\u00edcula del Colegio de Psic\u00f3logos.<\/p>\r\n\r\n\r\n\r\n<h3 class=\"wp-block-heading\"><strong>REQUISITOS PARA MATRICULARSE:<\/strong>\u00a0<\/h3>\r\n\r\n\r\n\r\n<p>Presentar en carpeta, siguiendo esta organizaci\u00f3n:<\/p>\r\n\r\n\r\n\r\n<ul class=\"wp-block-list\">\r\n<li>1. Formulario para matriculaci\u00f3n:\u00a0<strong><a href=\"http:\/\/www.psicologoscatamarca.com.ar\/pdf\/Formulario-matriculaci\u00f3n.pdf\" target=\"_blank\" rel=\"noreferrer noopener\" data-type=\"URL\" data-id=\"http:\/\/www.psicologoscatamarca.com.ar\/pdf\/Formulario-matriculaci\u00f3n.pdf\">Imprimir formulario<\/a>,<\/strong>\u00a0o solicitarlo en el Colegio de Psic\u00f3logos.<\/li>\r\n\r\n\r\n\r\n<li>2. Copia de t\u00edtulo de Psic\u00f3logo, Licenciado en Psicolog\u00eda o Doctor en Psicolog\u00eda, otorgado por una Universidad reconocida oficialmente. La copia presentada debe estar autenticada por Escribano P\u00fablico.<\/li>\r\n<\/ul>\r\n\r\n\r\n\r\n<blockquote class=\"wp-block-quote is-layout-flow wp-block-quote-is-layout-flow\">\r\n<p>&nbsp;<\/p>\r\n<cite>El t\u00edtulo deber\u00e1 estar legalizado por la autoridad competente, (rector\/oficial mayor). Y los t\u00edtulos otorgados por Universidades extranjeras deben encontrarse debidamente revalidados en nuestro pa\u00eds.<\/cite><\/blockquote>\r\n\r\n\r\n\r\n<ul class=\"wp-block-list\">\r\n<li>3. Certificado anal\u00edtico original y constancia de finalizaci\u00f3n de carrera, en la que deber\u00e1 consignarse que se encuentra habilitado para el ejercicio profesional.<\/li>\r\n\r\n\r\n\r\n<li>4. Dos (2) fotocopias del D.N.I.<\/li>\r\n\r\n\r\n\r\n<li>5. Certificado de antecedentes policiales\/buena conducta.<\/li>\r\n\r\n\r\n\r\n<li>6. Dos (2) fotos 4\u00d74 actuales.<\/li>\r\n\r\n\r\n\r\n<li>7. Curriculum vitae: nominal.<\/li>\r\n\r\n\r\n\r\n<li>8. Fijar domicilio real y legal en territorio de la provincia y presentar fotocopia de alg\u00fan servicio en el que conste dicho domicilio.<\/li>\r\n\r\n\r\n\r\n<li>9. Interesados en trabajar con Obras Sociales pueden presentar\u00a0<strong><a href=\"http:\/\/www.psicologoscatamarca.com.ar\/pdf\/nota_alta_prestadores.pdf\" target=\"_blank\" rel=\"noreferrer noopener\">nota de solicitud de alta<\/a>.<\/strong><\/li>\r\n<\/ul>\r\n\r\n\r\n\r\n<h4 class=\"wp-block-heading\">En caso de no presentar en la carpeta de matriculaci\u00f3n, deber\u00e1 adjuntar a la brevedad:<\/h4>\r\n\r\n\r\n\r\n<ul class=\"wp-block-list\">\r\n<li>10. Certificado de Superintendencia de servicios de Salud o constancia de solicitud\/inicio de tr\u00e1mite.<\/li>\r\n<\/ul>\r\n\r\n\r\n\r\n<h4 class=\"wp-block-heading\">Si realizar\u00e1 atenci\u00f3n en consultorio, adjuntar:<\/h4>\r\n\r\n\r\n\r\n<ul class=\"wp-block-list\">\r\n<li>11. Constancia de condici\u00f3n ante A.F.I.P. (data fiscal).<\/li>\r\n\r\n\r\n\r\n<li>12. P\u00f3liza Seguro de Mala Praxis<\/li>\r\n\r\n\r\n\r\n<li>13. C\u00e9dula Fiscal Rentas<\/li>\r\n<\/ul>\r\n\r\n\r\n\r\n<h4 class=\"wp-block-heading\">Si estuvo matriculado en otra jurisdicci\u00f3n presentar:<\/h4>\r\n\r\n\r\n\r\n<ul class=\"wp-block-list\">\r\n<li>1. Certificado de libre deuda<\/li>\r\n\r\n\r\n\r\n<li>2. Certificado de libre sanciones \u00e9ticas<\/li>\r\n<\/ul>\r\n\r\n\r\n\r\n<h4 class=\"wp-block-heading\"><strong>D\u00cdAS DE MATRICULACI\u00d3N<\/strong><\/h4>\r\n\r\n\r\n\r\n<p>A definir una vez revisada y aprobada la documentaci\u00f3n.<\/p>\r\n\r\n\r\n\r\n<h4 class=\"wp-block-heading\"><strong>VALOR DE MATR\u00cdCULA Y MECANISMO DE ACTUALIZACI\u00d3N<\/strong><\/h4>\r\n\r\n\r\n\r\n<ul class=\"wp-block-list\">\r\n<li><strong>$250.000<\/strong> (pesos doscientos cincuenta mil). Actualizado al mes de Abril de 2026.<\/li>\r\n<\/ul>\r\n\r\n\r\n\r\n<h4 class=\"wp-block-heading has-vivid-red-color has-text-color\">BAJA DE MATR\u00cdCULA:<\/h4>\r\n\r\n\r\n\r\n<p>A los profesionales que no ejerzan la profesi\u00f3n en ning\u00fan \u00e1mbito (p\u00fablico o privado) de la provincia de Catamarca, no deseen pertenecer m\u00e1s al Colegio de Psic\u00f3logos y\/o no puedan asumir las obligaciones que implica tal pertenencia (asistencia a Asambleas y pago de cuota societaria) deben solicitar la baja de su matr\u00edcula (provisoria o definitivamente) mediante nota escrita, dirigida al Consejo Directivo.<br \/>Solamente podr\u00e1n solicitarla quienes se encuentren libres de deudas con el Colegio.<\/p>\r\n\r\n\r\n\r\n<h4 class=\"wp-block-heading\"><strong>INSCRIPCI\u00d3N POR PRIMERA VEZ<\/strong><\/h4>\r\n\r\n\r\n\r\n<ul class=\"wp-block-list\">\r\n<li>Solicitud de inscripci\u00f3n de Profesional: (ANEXO II \u2013 Formulario para descargar <a href=\"https:\/\/www.argentina.gob.ar\/sites\/default\/files\/\/2019\/07\/anexoii_rp.pdf\" target=\"_blank\" rel=\"noreferrer noopener\">https:\/\/www.argentina.gob.ar\/sites\/default\/files\/\/2019\/07\/anexoii_rp.pdf<\/a>) con firma ol\u00f3grafa del profesional.<\/li>\r\n\r\n\r\n\r\n<li>DNI.<\/li>\r\n\r\n\r\n\r\n<li>Constancia de CUIT\/CUIL.<\/li>\r\n\r\n\r\n\r\n<li>Diploma universitario con sus legalizaciones correspondientes (m\u00e1s informaci\u00f3n).<\/li>\r\n\r\n\r\n\r\n<li>Matr\u00edcula Profesional de la Jurisdicci\u00f3n donde se va a ejercer.<\/li>\r\n\r\n\r\n\r\n<li>Certificado de \u00c9tica Profesional (vigencia por 30 d\u00edas) emitido por la instituci\u00f3n en la cual el profesional se encuentra matriculado.<\/li>\r\n<\/ul>\r\n\r\n\r\n\r\n<h4 class=\"wp-block-heading\"><strong>REINSCRIPCI\u00d3N<\/strong><\/h4>\r\n\r\n\r\n\r\n<p>Solicitud de inscripci\u00f3n de Profesional: (ANEXO II \u2013 Formulario para descargar <a href=\"https:\/\/www.argentina.gob.ar\/sites\/default\/files\/\/2019\/07\/anexoii_rp.pdf\" target=\"_blank\" rel=\"noreferrer noopener\">https:\/\/www.argentina.gob.ar\/sites\/default\/files\/\/2019\/07\/anexoii_rp.pdf<\/a>) con firma ol\u00f3grafa del profesional.<br \/>DNI.<br \/>Certificado de \u00c9tica Profesional (vigencia por 30 d\u00edas) emitido por la instituci\u00f3n en la cual el profesional se encuentra matriculado.<br \/>Toda reinscripci\u00f3n se realiza desde el d\u00eda de su vencimiento en adelante.<\/p>\r\n\r\n\r\n\r\n<p><a href=\"https:\/\/www.argentina.gob.ar\/servicio\/solicitar-inscripcion-reinscripcion-de-profesionales\">https:\/\/www.argentina.gob.ar\/servicio\/solicitar-inscripcion-reinscripcion-de-profesionales<\/a><\/p>\r\n","protected":false},"excerpt":{"rendered":"<p>La Ley Provincial N\u00ba 4024\/83, en su art\u00edculo 4\u00ba indica que para ejercer la psicolog\u00eda en toda la provincia de Catamarca (ya sea de manera independiente o en relaci\u00f3n de dependencia, en el \u00e1mbito p\u00fablico o privado), adem\u00e1s de t\u00edtulo habilitante, se requiere obligatoriamente encontrarse inscripto en la matr\u00edcula del Colegio de Psic\u00f3logos. REQUISITOS PARA [&hellip;]<\/p>\n","protected":false},"author":2,"featured_media":0,"parent":0,"menu_order":0,"comment_status":"closed","ping_status":"closed","template":"","meta":{"cybocfi_hide_featured_image":"","footnotes":""},"class_list":["post-496","page","type-page","status-publish","hentry"],"_links":{"self":[{"href":"https:\/\/psicologoscatamarca.com.ar\/psicoweb\/wp-json\/wp\/v2\/pages\/496","targetHints":{"allow":["GET"]}}],"collection":[{"href":"https:\/\/psicologoscatamarca.com.ar\/psicoweb\/wp-json\/wp\/v2\/pages"}],"about":[{"href":"https:\/\/psicologoscatamarca.com.ar\/psicoweb\/wp-json\/wp\/v2\/types\/page"}],"author":[{"embeddable":true,"href":"https:\/\/psicologoscatamarca.com.ar\/psicoweb\/wp-json\/wp\/v2\/users\/2"}],"replies":[{"embeddable":true,"href":"https:\/\/psicologoscatamarca.com.ar\/psicoweb\/wp-json\/wp\/v2\/comments?post=496"}],"version-history":[{"count":32,"href":"https:\/\/psicologoscatamarca.com.ar\/psicoweb\/wp-json\/wp\/v2\/pages\/496\/revisions"}],"predecessor-version":[{"id":2317,"href":"https:\/\/psicologoscatamarca.com.ar\/psicoweb\/wp-json\/wp\/v2\/pages\/496\/revisions\/2317"}],"wp:attachment":[{"href":"https:\/\/psicologoscatamarca.com.ar\/psicoweb\/wp-json\/wp\/v2\/media?parent=496"}],"curies":[{"name":"wp","href":"https:\/\/api.w.org\/{rel}","templated":true}]}}