{"id":1356,"date":"2023-03-20T16:09:33","date_gmt":"2023-03-20T16:09:33","guid":{"rendered":"https:\/\/psicologoscatamarca.com.ar\/psicoweb\/?page_id=1356"},"modified":"2025-07-08T13:10:03","modified_gmt":"2025-07-08T13:10:03","slug":"comisiones","status":"publish","type":"page","link":"https:\/\/psicologoscatamarca.com.ar\/psicoweb\/comisiones\/","title":{"rendered":"Comisiones"},"content":{"rendered":"<p><span style=\"font-weight: 400;\"><strong>COMISI\u00d3N CIENT\u00cdFICA<\/strong><\/span><\/p>\n<p><span style=\"font-weight: 400;\">PSI. ROMINA VILLAFA\u00d1EZ &#8211; MP 369<\/span><\/p>\n<p><span style=\"font-weight: 400;\">PSI. MELISA TULA &#8211; MP 376<\/span><\/p>\n<p><span style=\"font-weight: 400;\">LIC. JULIETA MONASTERIO &#8211;\u00a0 MP 120\u00a0 \u00a0 \u00a0 <\/span><\/p>\n<p><span style=\"font-weight: 400;\">PSI. GIANFRANCO BRICCIERI &#8211; MP 461<\/span><\/p>\n<p>&nbsp;<\/p>\n<p><span style=\"font-weight: 400;\"><strong>COMISI\u00d3N DE PSICOTERAPIA BASADA EN EVIDENCIA<\/strong><\/span><\/p>\n<p><span style=\"font-weight: 400;\">\u00a0LIC. ANA PAULA BIZE &#8211; MP 490<\/span><\/p>\n<p><span style=\"font-weight: 400;\">LIC. MARIANO CARRIZO &#8211; MP 420<\/span><\/p>\n<p><span style=\"font-weight: 400;\">LIC. FACUNDO CORZO &#8211; MP 518<\/span><\/p>\n<p><span style=\"font-weight: 400;\">PSI. ROMINA VILLAFA\u00d1EZ &#8211; MP 369<\/span><\/p>\n<p>&nbsp;<\/p>\n<p><span style=\"font-weight: 400;\"><strong>COMISI\u00d3N DE SALUD MENTAL Y DERECHOS HUMANOS<\/strong><\/span><\/p>\n<p><span style=\"font-weight: 400;\"> LIC. BUDNICK GRACIELA &#8211; MP 107 <\/span><\/p>\n<p><span style=\"font-weight: 400;\">LIC. DAIANA SIERRALTA &#8211; MP 329<\/span><\/p>\n<p><span style=\"font-weight: 400;\">LIC. MAURICIO ARCE &#8211; MP 268<\/span><\/p>\n<p><span style=\"font-weight: 400;\">LIC. CARMEN RODRIGUEZ &#8211; MP 58<\/span><\/p>\n<p>&nbsp;<\/p>\n<p><span style=\"font-weight: 400;\"><strong>COMISI\u00d3N DE PSICODIAGN\u00d3STICO<\/strong><\/span><\/p>\n<p><span style=\"font-weight: 400;\">LIC. DE LA BARRERA SOLEDAD &#8211; MP 130<\/span><\/p>\n<p><span style=\"font-weight: 400;\">LIC. MARIAN MORENO FIGUEROA &#8211; MP 162<\/span><\/p>\n<p><span style=\"font-weight: 400;\">LIC. BELMONTE FABIANA &#8211; MP 137<\/span><\/p>\n<p><span style=\"font-weight: 400;\">LIC. VALERIA SUSANA PARODI &#8211; MP 367<\/span><\/p>\n<p>&nbsp;<\/p>\n<p><span style=\"font-weight: 400;\"><strong>COMISI\u00d3N DE ABORDAJE DE LAS VIOLENCIAS POR MOTIVOS DE G\u00c9NERO<\/strong><\/span><\/p>\n<p><span style=\"font-weight: 400;\">LIC. DE LA BARRERA MARIA ISABEL &#8211; MP 424<\/span><\/p>\n<p><span style=\"font-weight: 400;\">LIC. ROJAS MARIANA &#8211; MP 474<\/span><\/p>\n<p><span style=\"font-weight: 400;\">LIC. AMANTE PAMELA &#8211; MP 480<\/span><\/p>\n<p><span style=\"font-weight: 400;\">LIC. DIAZ GISELLE &#8211; MP 399376\u00a0<\/span><\/p>\n<p>&nbsp;<\/p>\n<p><span style=\"font-weight: 400;\"><strong>COMISI\u00d3N DE ORIENTACI\u00d3N LABORAL<\/strong><\/span><\/p>\n<p><span style=\"font-weight: 400;\">PSI. TULA MELISA ANAHI &#8211; MP 376<\/span><\/p>\n<p><span style=\"font-weight: 400;\">LIC. HUERTO MOLNTALVA &#8211; MP 220<\/span><\/p>\n<p>&nbsp;<\/p>\n<p><span style=\"font-weight: 400;\"><strong>COMISI\u00d3N FISCALIZADORA<\/strong>\u00a0<\/span><\/p>\n<p><span style=\"font-weight: 400;\">PSI. CANO LOPEZ SOLEDAD &#8211; MP 431<\/span><\/p>\n<p><span style=\"font-weight: 400;\">PSI. VITALITI MARIA VALENTINA &#8211; MP 494<\/span><\/p>\n<p><span style=\"font-weight: 400;\">PSI. VILLAFA\u00d1EZ MARIANA &#8211; MP 445<\/span><\/p>\n<p><span style=\"font-weight: 400;\">LIC. AMANTE PAMELA &#8211; MP 480\u00a0<\/span><\/p>\n<p><span style=\"font-weight: 400;\">LIC. DIAZ GISELLE MARIANA &#8211; MP 399<\/span><\/p>\n<p>&nbsp;<\/p>\n<p>&nbsp;<\/p>\n<p>&nbsp;<\/p>\n<p>&nbsp;<\/p>\n","protected":false},"excerpt":{"rendered":"<p>COMISI\u00d3N CIENT\u00cdFICA PSI. ROMINA VILLAFA\u00d1EZ &#8211; MP 369 PSI. MELISA TULA &#8211; MP 376 LIC. JULIETA MONASTERIO &#8211;\u00a0 MP 120\u00a0 \u00a0 \u00a0 PSI. GIANFRANCO BRICCIERI &#8211; MP 461 &nbsp; COMISI\u00d3N DE PSICOTERAPIA BASADA EN EVIDENCIA \u00a0LIC. ANA PAULA BIZE &#8211; MP 490 LIC. MARIANO CARRIZO &#8211; MP 420 LIC. FACUNDO CORZO &#8211; MP 518 PSI. [&hellip;]<\/p>\n","protected":false},"author":2,"featured_media":0,"parent":0,"menu_order":0,"comment_status":"closed","ping_status":"closed","template":"","meta":{"cybocfi_hide_featured_image":"","footnotes":""},"class_list":["post-1356","page","type-page","status-publish","hentry"],"_links":{"self":[{"href":"https:\/\/psicologoscatamarca.com.ar\/psicoweb\/wp-json\/wp\/v2\/pages\/1356","targetHints":{"allow":["GET"]}}],"collection":[{"href":"https:\/\/psicologoscatamarca.com.ar\/psicoweb\/wp-json\/wp\/v2\/pages"}],"about":[{"href":"https:\/\/psicologoscatamarca.com.ar\/psicoweb\/wp-json\/wp\/v2\/types\/page"}],"author":[{"embeddable":true,"href":"https:\/\/psicologoscatamarca.com.ar\/psicoweb\/wp-json\/wp\/v2\/users\/2"}],"replies":[{"embeddable":true,"href":"https:\/\/psicologoscatamarca.com.ar\/psicoweb\/wp-json\/wp\/v2\/comments?post=1356"}],"version-history":[{"count":20,"href":"https:\/\/psicologoscatamarca.com.ar\/psicoweb\/wp-json\/wp\/v2\/pages\/1356\/revisions"}],"predecessor-version":[{"id":2149,"href":"https:\/\/psicologoscatamarca.com.ar\/psicoweb\/wp-json\/wp\/v2\/pages\/1356\/revisions\/2149"}],"wp:attachment":[{"href":"https:\/\/psicologoscatamarca.com.ar\/psicoweb\/wp-json\/wp\/v2\/media?parent=1356"}],"curies":[{"name":"wp","href":"https:\/\/api.w.org\/{rel}","templated":true}]}}