{"id":1315,"date":"2023-03-15T18:11:03","date_gmt":"2023-03-15T18:11:03","guid":{"rendered":"https:\/\/psicologoscatamarca.com.ar\/psicoweb\/?page_id=1315"},"modified":"2025-08-13T11:26:13","modified_gmt":"2025-08-13T11:26:13","slug":"quincho","status":"publish","type":"page","link":"https:\/\/psicologoscatamarca.com.ar\/psicoweb\/quincho\/","title":{"rendered":"Alquiler del quincho"},"content":{"rendered":"\r\n<p>El quincho para fiestas y eventos del Colegio de Profesionales de la Psicolog\u00eda de Catamarca, sito en avenida Mariano Moreno n\u00ba467, se regir\u00e1 por las siguientes condiciones:<\/p>\r\n\r\n\r\n\r\n<p><strong>Primero: <\/strong>El uso del quincho es exclusivo de los asociados y sus familiares directos. Excepcionalmente, podr\u00e1 ser utilizado por alg\u00fan externo con el aval y la absoluta responsabilidad de un profesional inscripto en nuestra Instituci\u00f3n.<\/p>\r\n\r\n\r\n\r\n<p>Es condici\u00f3n excluyente estar al d\u00eda en la matr\u00edcula y la cuota social.<\/p>\r\n\r\n\r\n\r\n<p>En ning\u00fan caso el sal\u00f3n ser\u00e1 destinado para acontecimientos o fiestas de \u00edndole privada que afecten las buenas costumbres y ocasionen alg\u00fan tipo de molestia a los se\u00f1ores vecinos. Si ello ocurriera, se dar\u00e1 aviso a la autoridad correspondiente (polic\u00eda, municipalidad) y se proceder\u00e1 a la suspensi\u00f3n de la actividad que se est\u00e1 llevando a cabo, por lo que perder\u00e1 todo derecho a reclamar la devoluci\u00f3n del dinero pagado por el arrendamiento.<\/p>\r\n\r\n\r\n\r\n<p>El CPPC se reserva el derecho de suspender cualquier evento est\u00e9 realiz\u00e1ndose o no al momento de la detenci\u00f3n del mismo, son motivos para suspender:<\/p>\r\n\r\n\r\n\r\n<ol class=\"wp-block-list\" style=\"list-style-type: lower-alpha;\">\r\n<li>M\u00fasica a elevado volumen (despu\u00e9s de las 01:00 am).<\/li>\r\n\r\n\r\n\r\n<li>Exhibiciones que afecten el pudor y las buenas costumbres.<\/li>\r\n\r\n\r\n\r\n<li>Conflicto en la vida p\u00fablica ocasionado por el arrendamiento.<\/li>\r\n\r\n\r\n\r\n<li>Comprobar ingesta de bebidas alcoh\u00f3licas por parte de menores.<\/li>\r\n<\/ol>\r\n\r\n\r\n\r\n<p><strong>Segundo: <\/strong>No podr\u00e1, bajo ninguna circunstancia, llevarse a cabo evento alguno que implique pago de entrada o canon de cualquier tipo a cargo de los asistentes en favor de los organizadores del evento. Adem\u00e1s, est\u00e1 totalmente prohibida la instalaci\u00f3n de los denominados \u201cbar m\u00f3vil\u201d para la venta de bebidas alcoh\u00f3licas en el predio del CPPC. Esta instituci\u00f3n no se hace responsable de las sanciones legales que impliquen el uso abusivo de las instalaciones por parte de los arrendatarios.<\/p>\r\n\r\n\r\n\r\n<p><strong>Tercero<\/strong>: Queda terminantemente prohibida la utilizaci\u00f3n del sal\u00f3n para eventos de cualquier naturaleza pol\u00edtica o gremial.<\/p>\r\n\r\n\r\n\r\n<p><strong>Cuarto<\/strong>: La capacidad m\u00e1xima es de aproximadamente 40 personas.<\/p>\r\n\r\n\r\n\r\n<p><strong>Quinto<\/strong>: El total del alquiler equivale a 6 sesiones de psicoterapia de la obra social de OSEP, seg\u00fan convenio vigente a la fecha<strong>, <\/strong>en caso de decidir cancelar el evento posteriormente y no ocupar las instalaciones no habr\u00e1 reclamo para la devoluci\u00f3n del importe que se hubiese abonado.<\/p>\r\n\r\n\r\n\r\n<p><strong><u>HORARIOS DE ALQUILER<\/u><\/strong>: Bloques de 4 hs. m\u00e1ximo que comprende:<\/p>\r\n\r\n\r\n\r\n<ul class=\"wp-block-list\">\r\n<li>De lunes a viernes de 17 a 21 hs.<\/li>\r\n\r\n\r\n\r\n<li>S\u00e1bado, domingo y feriados de 10 a 14; 16 a 20; 22 a 02 hs<\/li>\r\n<\/ul>\r\n\r\n\r\n\r\n<p><strong>Sexto<\/strong>: En todos los casos se debe pagar un importe de $20.000 \u201cveinte mil pesos\u201d, que cubre cualquier da\u00f1o ocasionado a las instalaciones o mobiliario del sal\u00f3n para fiestas, en caso de verificarse esto el costo de la reparaci\u00f3n o reposici\u00f3n ser\u00e1 descontado del seguro previamente abonado y se sumar\u00e1 en caso que exceda.<\/p>\r\n\r\n\r\n\r\n<p><strong>S\u00e9ptimo<\/strong>: La limpieza estar\u00e1 a cargo del Colegio y esta inclu\u00eddo en el costo del alquiler.<\/p>\r\n\r\n\r\n\r\n<p><strong>Octavo<\/strong>: El evento a realizarse no podr\u00e1 excederse de las 04:00 de la ma\u00f1ana, horario l\u00edmite fijado por la autoridad municipal. A esa hora los ocupantes deber\u00e1n retirarse de las instalaciones trasladando todo aquello que sea de su propiedad. El CPPC no se responsabiliza de los bienes que dejaren los arrendatarios.<\/p>\r\n\r\n\r\n\r\n<p><strong>RESTRICCIONES<\/strong><\/p>\r\n\r\n\r\n\r\n<p>El ocupante NO podr\u00e1:<\/p>\r\n\r\n\r\n\r\n<ul class=\"wp-block-list\">\r\n<li>Fijar tapetes con pegantes en los pisos<\/li>\r\n\r\n\r\n\r\n<li>Fijar carteles con pegante en techos o paredes.<\/li>\r\n\r\n\r\n\r\n<li>Efectuar cualquier tipo de perforaci\u00f3n en los pisos, paredes, y\/o techos.<\/li>\r\n\r\n\r\n\r\n<li>Pintar dentro y fuera del recinto.<\/li>\r\n\r\n\r\n\r\n<li>Ubicar elementos en las estructuras exteriores e interiores sin solicitar autorizaci\u00f3n del CPPC.<\/li>\r\n\r\n\r\n\r\n<li>Ubicar elementos que obstaculicen los ingresos y\/o egresos de las salidas de emergencia del quincho.<\/li>\r\n\r\n\r\n\r\n<li>Usar sin consentimiento escrito de la autoridad competente y del CPPC cualquier producto a base de gasolina o pirotecnia en el interior del quincho.<\/li>\r\n\r\n\r\n\r\n<li>Queda terminantemente prohibido la venta y\/o consumo y\/o suministro de bebidas alcoh\u00f3licas a menores.<\/li>\r\n\r\n\r\n\r\n<li>Ingresar animales de ninguna especie.<\/li>\r\n\r\n\r\n\r\n<li>Ingresar o utilizar cualquier artefacto u objeto que pueda causar da\u00f1os a las instalaciones y\/o personas.<\/li>\r\n<\/ul>\r\n\r\n\r\n\r\n<p class=\"has-text-align-left\"><strong>MOVILIARIO<\/strong><\/p>\r\n\r\n\r\n\r\n<ul class=\"wp-block-list\">\r\n<li>4 aires acondicionados, deber\u00e1n ser utilizados apropiadamente. No podr\u00e1n ser encendidos de otra manera que con el uso de los respectivos controles remotos (1) ni utilizados cuando las puertas ventana del quincho se encuentren parcial o totalmente abiertas.<\/li>\r\n\r\n\r\n\r\n<li>3 mesas (1 es de vidrio).<\/li>\r\n\r\n\r\n\r\n<li>2 tablones con caballetes.<\/li>\r\n\r\n\r\n\r\n<li>31 sillas tapizadas de cuerina negra.<\/li>\r\n\r\n\r\n\r\n<li>6 sillas negras.<\/li>\r\n\r\n\r\n\r\n<li>6 sillas grises.<\/li>\r\n<\/ul>\r\n\r\n\r\n\r\n<p>Los objetos que se encuentran en el sector de la cocina son de propiedad del CPPC y no deben ser cambiados de lugar o extraviados (freezer, heladera, microondas, horno el\u00e9ctrico, vasos, cubiertos, platos, elementos de parrilla entre otros).<\/p>\r\n\r\n\r\n<div class=\"wp-block-image\">\r\n<figure class=\"aligncenter size-large\"><a href=\"https:\/\/psicologoscatamarca.com.ar\/psicoweb\/wp-content\/uploads\/2023\/03\/WhatsApp-Image-2023-03-15-at-14.34.52.jpeg\"><img loading=\"lazy\" decoding=\"async\" width=\"1024\" height=\"768\" class=\"wp-image-1320\" src=\"https:\/\/psicologoscatamarca.com.ar\/psicoweb\/wp-content\/uploads\/2023\/03\/WhatsApp-Image-2023-03-15-at-14.34.52-1024x768.jpeg\" alt=\"\" srcset=\"https:\/\/psicologoscatamarca.com.ar\/psicoweb\/wp-content\/uploads\/2023\/03\/WhatsApp-Image-2023-03-15-at-14.34.52-1024x768.jpeg 1024w, https:\/\/psicologoscatamarca.com.ar\/psicoweb\/wp-content\/uploads\/2023\/03\/WhatsApp-Image-2023-03-15-at-14.34.52-300x225.jpeg 300w, https:\/\/psicologoscatamarca.com.ar\/psicoweb\/wp-content\/uploads\/2023\/03\/WhatsApp-Image-2023-03-15-at-14.34.52-768x576.jpeg 768w, https:\/\/psicologoscatamarca.com.ar\/psicoweb\/wp-content\/uploads\/2023\/03\/WhatsApp-Image-2023-03-15-at-14.34.52-600x450.jpeg 600w, https:\/\/psicologoscatamarca.com.ar\/psicoweb\/wp-content\/uploads\/2023\/03\/WhatsApp-Image-2023-03-15-at-14.34.52.jpeg 1280w\" sizes=\"auto, (max-width: 1024px) 100vw, 1024px\" \/><\/a><\/figure>\r\n<\/div>\r\n\r\n<div class=\"wp-block-image\">\r\n<figure class=\"aligncenter size-large\"><a href=\"https:\/\/psicologoscatamarca.com.ar\/psicoweb\/wp-content\/uploads\/2023\/03\/WhatsApp-Image-2023-03-15-at-13.55.48.jpeg\"><img loading=\"lazy\" decoding=\"async\" width=\"1024\" height=\"768\" class=\"wp-image-1321\" src=\"https:\/\/psicologoscatamarca.com.ar\/psicoweb\/wp-content\/uploads\/2023\/03\/WhatsApp-Image-2023-03-15-at-13.55.48-1024x768.jpeg\" alt=\"\" srcset=\"https:\/\/psicologoscatamarca.com.ar\/psicoweb\/wp-content\/uploads\/2023\/03\/WhatsApp-Image-2023-03-15-at-13.55.48-1024x768.jpeg 1024w, https:\/\/psicologoscatamarca.com.ar\/psicoweb\/wp-content\/uploads\/2023\/03\/WhatsApp-Image-2023-03-15-at-13.55.48-300x225.jpeg 300w, https:\/\/psicologoscatamarca.com.ar\/psicoweb\/wp-content\/uploads\/2023\/03\/WhatsApp-Image-2023-03-15-at-13.55.48-768x576.jpeg 768w, https:\/\/psicologoscatamarca.com.ar\/psicoweb\/wp-content\/uploads\/2023\/03\/WhatsApp-Image-2023-03-15-at-13.55.48-1536x1152.jpeg 1536w, https:\/\/psicologoscatamarca.com.ar\/psicoweb\/wp-content\/uploads\/2023\/03\/WhatsApp-Image-2023-03-15-at-13.55.48-600x450.jpeg 600w, https:\/\/psicologoscatamarca.com.ar\/psicoweb\/wp-content\/uploads\/2023\/03\/WhatsApp-Image-2023-03-15-at-13.55.48.jpeg 1600w\" sizes=\"auto, (max-width: 1024px) 100vw, 1024px\" \/><\/a><\/figure>\r\n<\/div>\r\n\r\n<div class=\"wp-block-image\">\r\n<figure class=\"aligncenter size-large\"><a href=\"https:\/\/psicologoscatamarca.com.ar\/psicoweb\/wp-content\/uploads\/2023\/03\/WhatsApp-Image-2023-03-15-at-13.55.49.jpeg\"><img loading=\"lazy\" decoding=\"async\" width=\"1024\" height=\"768\" class=\"wp-image-1322\" src=\"https:\/\/psicologoscatamarca.com.ar\/psicoweb\/wp-content\/uploads\/2023\/03\/WhatsApp-Image-2023-03-15-at-13.55.49-1024x768.jpeg\" alt=\"\" srcset=\"https:\/\/psicologoscatamarca.com.ar\/psicoweb\/wp-content\/uploads\/2023\/03\/WhatsApp-Image-2023-03-15-at-13.55.49-1024x768.jpeg 1024w, https:\/\/psicologoscatamarca.com.ar\/psicoweb\/wp-content\/uploads\/2023\/03\/WhatsApp-Image-2023-03-15-at-13.55.49-300x225.jpeg 300w, https:\/\/psicologoscatamarca.com.ar\/psicoweb\/wp-content\/uploads\/2023\/03\/WhatsApp-Image-2023-03-15-at-13.55.49-768x576.jpeg 768w, https:\/\/psicologoscatamarca.com.ar\/psicoweb\/wp-content\/uploads\/2023\/03\/WhatsApp-Image-2023-03-15-at-13.55.49-1536x1152.jpeg 1536w, https:\/\/psicologoscatamarca.com.ar\/psicoweb\/wp-content\/uploads\/2023\/03\/WhatsApp-Image-2023-03-15-at-13.55.49-600x450.jpeg 600w, https:\/\/psicologoscatamarca.com.ar\/psicoweb\/wp-content\/uploads\/2023\/03\/WhatsApp-Image-2023-03-15-at-13.55.49.jpeg 1600w\" sizes=\"auto, (max-width: 1024px) 100vw, 1024px\" \/><\/a><\/figure>\r\n<\/div>\r\n\r\n<div class=\"wp-block-image\">\r\n<figure class=\"aligncenter size-large is-resized\"><a href=\"https:\/\/psicologoscatamarca.com.ar\/psicoweb\/wp-content\/uploads\/2023\/03\/WhatsApp-Image-2023-03-15-at-14.34.51.jpeg\"><img loading=\"lazy\" decoding=\"async\" width=\"1024\" height=\"768\" class=\"wp-image-1323\" style=\"width: 1024px; height: 768px;\" src=\"https:\/\/psicologoscatamarca.com.ar\/psicoweb\/wp-content\/uploads\/2023\/03\/WhatsApp-Image-2023-03-15-at-14.34.51-1024x768.jpeg\" alt=\"\" srcset=\"https:\/\/psicologoscatamarca.com.ar\/psicoweb\/wp-content\/uploads\/2023\/03\/WhatsApp-Image-2023-03-15-at-14.34.51-1024x768.jpeg 1024w, https:\/\/psicologoscatamarca.com.ar\/psicoweb\/wp-content\/uploads\/2023\/03\/WhatsApp-Image-2023-03-15-at-14.34.51-300x225.jpeg 300w, https:\/\/psicologoscatamarca.com.ar\/psicoweb\/wp-content\/uploads\/2023\/03\/WhatsApp-Image-2023-03-15-at-14.34.51-768x576.jpeg 768w, https:\/\/psicologoscatamarca.com.ar\/psicoweb\/wp-content\/uploads\/2023\/03\/WhatsApp-Image-2023-03-15-at-14.34.51-600x450.jpeg 600w, https:\/\/psicologoscatamarca.com.ar\/psicoweb\/wp-content\/uploads\/2023\/03\/WhatsApp-Image-2023-03-15-at-14.34.51.jpeg 1280w\" sizes=\"auto, (max-width: 1024px) 100vw, 1024px\" \/><\/a><\/figure>\r\n<\/div>\r\n\r\n<div class=\"wp-block-image\">\r\n<figure class=\"aligncenter size-large\"><a href=\"https:\/\/psicologoscatamarca.com.ar\/psicoweb\/wp-content\/uploads\/2023\/03\/WhatsApp-Image-2023-03-15-at-13.55.49-1.jpeg\"><img loading=\"lazy\" decoding=\"async\" width=\"1024\" height=\"768\" class=\"wp-image-1324\" src=\"https:\/\/psicologoscatamarca.com.ar\/psicoweb\/wp-content\/uploads\/2023\/03\/WhatsApp-Image-2023-03-15-at-13.55.49-1-1024x768.jpeg\" alt=\"\" srcset=\"https:\/\/psicologoscatamarca.com.ar\/psicoweb\/wp-content\/uploads\/2023\/03\/WhatsApp-Image-2023-03-15-at-13.55.49-1-1024x768.jpeg 1024w, https:\/\/psicologoscatamarca.com.ar\/psicoweb\/wp-content\/uploads\/2023\/03\/WhatsApp-Image-2023-03-15-at-13.55.49-1-300x225.jpeg 300w, https:\/\/psicologoscatamarca.com.ar\/psicoweb\/wp-content\/uploads\/2023\/03\/WhatsApp-Image-2023-03-15-at-13.55.49-1-768x576.jpeg 768w, https:\/\/psicologoscatamarca.com.ar\/psicoweb\/wp-content\/uploads\/2023\/03\/WhatsApp-Image-2023-03-15-at-13.55.49-1-1536x1152.jpeg 1536w, https:\/\/psicologoscatamarca.com.ar\/psicoweb\/wp-content\/uploads\/2023\/03\/WhatsApp-Image-2023-03-15-at-13.55.49-1-600x450.jpeg 600w, https:\/\/psicologoscatamarca.com.ar\/psicoweb\/wp-content\/uploads\/2023\/03\/WhatsApp-Image-2023-03-15-at-13.55.49-1.jpeg 1600w\" sizes=\"auto, (max-width: 1024px) 100vw, 1024px\" \/><\/a><\/figure>\r\n<\/div>\r\n\r\n<div class=\"wp-block-image\">\r\n<figure class=\"aligncenter size-large\"><a href=\"https:\/\/psicologoscatamarca.com.ar\/psicoweb\/wp-content\/uploads\/2023\/03\/WhatsApp-Image-2023-03-15-at-15.24.27.jpeg\"><img loading=\"lazy\" decoding=\"async\" width=\"1024\" height=\"833\" class=\"wp-image-1325\" src=\"https:\/\/psicologoscatamarca.com.ar\/psicoweb\/wp-content\/uploads\/2023\/03\/WhatsApp-Image-2023-03-15-at-15.24.27-1024x833.jpeg\" alt=\"\" srcset=\"https:\/\/psicologoscatamarca.com.ar\/psicoweb\/wp-content\/uploads\/2023\/03\/WhatsApp-Image-2023-03-15-at-15.24.27-1024x833.jpeg 1024w, https:\/\/psicologoscatamarca.com.ar\/psicoweb\/wp-content\/uploads\/2023\/03\/WhatsApp-Image-2023-03-15-at-15.24.27-300x244.jpeg 300w, https:\/\/psicologoscatamarca.com.ar\/psicoweb\/wp-content\/uploads\/2023\/03\/WhatsApp-Image-2023-03-15-at-15.24.27-768x624.jpeg 768w, https:\/\/psicologoscatamarca.com.ar\/psicoweb\/wp-content\/uploads\/2023\/03\/WhatsApp-Image-2023-03-15-at-15.24.27-1536x1249.jpeg 1536w, https:\/\/psicologoscatamarca.com.ar\/psicoweb\/wp-content\/uploads\/2023\/03\/WhatsApp-Image-2023-03-15-at-15.24.27-600x488.jpeg 600w, https:\/\/psicologoscatamarca.com.ar\/psicoweb\/wp-content\/uploads\/2023\/03\/WhatsApp-Image-2023-03-15-at-15.24.27.jpeg 1600w\" sizes=\"auto, (max-width: 1024px) 100vw, 1024px\" \/><\/a><\/figure>\r\n<\/div>","protected":false},"excerpt":{"rendered":"<p>El quincho para fiestas y eventos del Colegio de Profesionales de la Psicolog\u00eda de Catamarca, sito en avenida Mariano Moreno n\u00ba467, se regir\u00e1 por las siguientes condiciones: Primero: El uso del quincho es exclusivo de los asociados y sus familiares directos. Excepcionalmente, podr\u00e1 ser utilizado por alg\u00fan externo con el aval y la absoluta responsabilidad [&hellip;]<\/p>\n","protected":false},"author":2,"featured_media":1325,"parent":0,"menu_order":0,"comment_status":"closed","ping_status":"closed","template":"","meta":{"cybocfi_hide_featured_image":"yes","footnotes":""},"class_list":["post-1315","page","type-page","status-publish","has-post-thumbnail","hentry"],"_links":{"self":[{"href":"https:\/\/psicologoscatamarca.com.ar\/psicoweb\/wp-json\/wp\/v2\/pages\/1315","targetHints":{"allow":["GET"]}}],"collection":[{"href":"https:\/\/psicologoscatamarca.com.ar\/psicoweb\/wp-json\/wp\/v2\/pages"}],"about":[{"href":"https:\/\/psicologoscatamarca.com.ar\/psicoweb\/wp-json\/wp\/v2\/types\/page"}],"author":[{"embeddable":true,"href":"https:\/\/psicologoscatamarca.com.ar\/psicoweb\/wp-json\/wp\/v2\/users\/2"}],"replies":[{"embeddable":true,"href":"https:\/\/psicologoscatamarca.com.ar\/psicoweb\/wp-json\/wp\/v2\/comments?post=1315"}],"version-history":[{"count":5,"href":"https:\/\/psicologoscatamarca.com.ar\/psicoweb\/wp-json\/wp\/v2\/pages\/1315\/revisions"}],"predecessor-version":[{"id":2166,"href":"https:\/\/psicologoscatamarca.com.ar\/psicoweb\/wp-json\/wp\/v2\/pages\/1315\/revisions\/2166"}],"wp:featuredmedia":[{"embeddable":true,"href":"https:\/\/psicologoscatamarca.com.ar\/psicoweb\/wp-json\/wp\/v2\/media\/1325"}],"wp:attachment":[{"href":"https:\/\/psicologoscatamarca.com.ar\/psicoweb\/wp-json\/wp\/v2\/media?parent=1315"}],"curies":[{"name":"wp","href":"https:\/\/api.w.org\/{rel}","templated":true}]}}