{"id":1139,"date":"2023-01-02T16:15:38","date_gmt":"2023-01-02T16:15:38","guid":{"rendered":"https:\/\/psicologoscatamarca.com.ar\/psicoweb\/?page_id=1139"},"modified":"2023-01-02T16:29:44","modified_gmt":"2023-01-02T16:29:44","slug":"instructivo-sancor","status":"publish","type":"page","link":"https:\/\/psicologoscatamarca.com.ar\/psicoweb\/instructivo-sancor\/","title":{"rendered":"Instructivo SANCOR"},"content":{"rendered":"\n<p>Para ingresar al sistema de validaci\u00f3n de Sancor necesit\u00e1s tu n\u00famero de usuario y clave (colocar el mismo n\u00famero en los dos campos):<br>\u2026\u2026\u2026\u2026\u2026\u2026\u2026..<\/p>\n\n\n\n<p><strong>P\u00e1gina para validaciones<\/strong>:<\/p>\n\n\n\n<p><a href=\"https:\/\/autogestionprestadores.sancorsalud.com.ar\/#\/login\" target=\"_blank\" rel=\"noreferrer noopener\">http:\/\/prestadores.sancorsalud.com.ar\/#\/login<\/a><\/p>\n\n\n\n<ul class=\"wp-block-list\">\n<li>All\u00ed, deb\u00e9s ingresar a Validaci\u00f3n online \/ autorizaci\u00f3n ambulatorio y completar todos los datos requeridos.<\/li>\n\n\n\n<li>En c\u00f3digo de prestaci\u00f3n, insertar 420187 para entrevista inicial o 330101 para psicoterapia.<\/li>\n\n\n\n<li><strong>No colocar descripci\u00f3n<\/strong>. Buscar c\u00f3digo y seleccionar.<\/li>\n\n\n\n<li>Autorizar, all\u00ed arrojar\u00e1 un n\u00famero de validaci\u00f3n que se debe registrar en planilla adjunta junto con firma y datos del afiliado.<\/li>\n<\/ul>\n\n\n\n<p><strong>Recordar<\/strong>:<\/p>\n\n\n\n<ul class=\"wp-block-list\">\n<li>El sistema autoriza <strong>una <\/strong>sesi\u00f3n por semana.<\/li>\n\n\n\n<li>La presentaci\u00f3n debe llevar una RP completa con datos de afiliado, c\u00f3digo solicitado, cantidad, diagn\u00f3stico, fecha, firma y sello del profesional.<br>Todo los datos y control de sesiones se deben registrar en planilla adjunta <a href=\"https:\/\/www.psicologoscatamarca.com.ar\/pdf\/planilla-sancor-2018.pdf\" target=\"_blank\" rel=\"noreferrer noopener\">https:\/\/www.psicologoscatamarca.com.ar\/pdf\/planilla-sancor-2018.pdf<\/a><\/li>\n\n\n\n<li>4 sesiones mensuales y hasta 30 anuales<\/li>\n<\/ul>\n","protected":false},"excerpt":{"rendered":"<p>Para ingresar al sistema de validaci\u00f3n de Sancor necesit\u00e1s tu n\u00famero de usuario y clave (colocar el mismo n\u00famero en los dos campos):\u2026\u2026\u2026\u2026\u2026\u2026\u2026.. P\u00e1gina para validaciones: http:\/\/prestadores.sancorsalud.com.ar\/#\/login Recordar:<\/p>\n","protected":false},"author":2,"featured_media":0,"parent":0,"menu_order":0,"comment_status":"closed","ping_status":"closed","template":"","meta":{"cybocfi_hide_featured_image":"","footnotes":""},"class_list":["post-1139","page","type-page","status-publish","hentry"],"_links":{"self":[{"href":"https:\/\/psicologoscatamarca.com.ar\/psicoweb\/wp-json\/wp\/v2\/pages\/1139","targetHints":{"allow":["GET"]}}],"collection":[{"href":"https:\/\/psicologoscatamarca.com.ar\/psicoweb\/wp-json\/wp\/v2\/pages"}],"about":[{"href":"https:\/\/psicologoscatamarca.com.ar\/psicoweb\/wp-json\/wp\/v2\/types\/page"}],"author":[{"embeddable":true,"href":"https:\/\/psicologoscatamarca.com.ar\/psicoweb\/wp-json\/wp\/v2\/users\/2"}],"replies":[{"embeddable":true,"href":"https:\/\/psicologoscatamarca.com.ar\/psicoweb\/wp-json\/wp\/v2\/comments?post=1139"}],"version-history":[{"count":5,"href":"https:\/\/psicologoscatamarca.com.ar\/psicoweb\/wp-json\/wp\/v2\/pages\/1139\/revisions"}],"predecessor-version":[{"id":1154,"href":"https:\/\/psicologoscatamarca.com.ar\/psicoweb\/wp-json\/wp\/v2\/pages\/1139\/revisions\/1154"}],"wp:attachment":[{"href":"https:\/\/psicologoscatamarca.com.ar\/psicoweb\/wp-json\/wp\/v2\/media?parent=1139"}],"curies":[{"name":"wp","href":"https:\/\/api.w.org\/{rel}","templated":true}]}}